{"id":30,"date":"2025-05-22T08:13:27","date_gmt":"2025-05-22T06:13:27","guid":{"rendered":"http:\/\/s1007769279.onlinehome.fr\/publication\/kaya\/?page_id=30"},"modified":"2026-05-13T11:55:31","modified_gmt":"2026-05-13T09:55:31","slug":"reserver-une-table","status":"publish","type":"page","link":"https:\/\/kaya-france.fr\/tr\/reserver-une-table\/","title":{"rendered":"Bir masa ay\u0131rt\u0131n"},"content":{"rendered":"<div data-elementor-type=\"wp-page\" data-elementor-id=\"30\" class=\"elementor elementor-30\" data-elementor-post-type=\"page\">\n\t\t\t\t<div class=\"elementor-element elementor-element-8a6a3a5 e-flex e-con-boxed e-con e-parent\" data-id=\"8a6a3a5\" data-element_type=\"container\" data-e-type=\"container\">\n\t\t\t\t\t<div class=\"e-con-inner\">\n\t\t<div class=\"elementor-element elementor-element-5334bb2 e-con-full e-flex e-con e-child\" data-id=\"5334bb2\" data-element_type=\"container\" data-e-type=\"container\">\n\t\t\t\t<div class=\"elementor-element elementor-element-43d2a99 elementor-widget-mobile__width-initial elementor-widget elementor-widget-heading\" data-id=\"43d2a99\" data-element_type=\"widget\" data-e-type=\"widget\" data-widget_type=\"heading.default\">\n\t\t\t\t\t<h2 class=\"elementor-heading-title elementor-size-default\">MASA AYIRTIN<\/h2>\t\t\t\t<\/div>\n\t\t\t\t<div class=\"elementor-element elementor-element-138a7b6 elementor-widget__width-initial elementor-widget elementor-widget-text-editor\" data-id=\"138a7b6\" data-element_type=\"widget\" data-e-type=\"widget\" data-widget_type=\"text-editor.default\">\n\t\t\t\t\t\t\t\t\t<p>Tercih etti\u011finiz saat m\u00fcsait de\u011filse, bizi aramaktan \u00e7ekinmeyin: sizi size uygun bir saatte a\u011f\u0131rlamak i\u00e7in elimizden geleni yapaca\u011f\u0131z.<\/p>\t\t\t\t\t\t\t\t<\/div>\n\t\t<div class=\"elementor-element elementor-element-8edeac9 e-con-full e-flex e-con e-child\" data-id=\"8edeac9\" data-element_type=\"container\" data-e-type=\"container\">\n\t\t<div class=\"elementor-element elementor-element-42114f2 e-con-full e-flex e-con e-child\" data-id=\"42114f2\" data-element_type=\"container\" data-e-type=\"container\">\n\t\t\t\t<div class=\"elementor-element elementor-element-da7ba6f elementor-widget elementor-widget-text-editor\" data-id=\"da7ba6f\" data-element_type=\"widget\" data-e-type=\"widget\" data-widget_type=\"text-editor.default\">\n\t\t\t\t\t\t\t\t\t<div><strong>Mutfak a\u00e7\u0131l\u0131\u015f saatleri<\/strong><\/div><div><em>Mutfa\u011f\u0131m\u0131z sizi a\u011f\u0131rl\u0131yor:<\/em><\/div><div>-Pazartesiden Per\u015fembeye saat 22.30'a kadar<\/div><div>-Cuma'dan Cumartesi'ye saat 11'e kadar<\/div>\t\t\t\t\t\t\t\t<\/div>\n\t\t\t\t<\/div>\n\t\t<div class=\"elementor-element elementor-element-abca645 e-con-full e-flex e-con e-child\" data-id=\"abca645\" data-element_type=\"container\" data-e-type=\"container\" data-settings=\"{&quot;background_background&quot;:&quot;classic&quot;}\">\n\t\t\t\t<\/div>\n\t\t<div class=\"elementor-element elementor-element-a2d4d32 e-con-full e-flex e-con e-child\" data-id=\"a2d4d32\" data-element_type=\"container\" data-e-type=\"container\">\n\t\t\t\t<div class=\"elementor-element elementor-element-ddd45bf elementor-widget__width-initial elementor-widget elementor-widget-text-editor\" data-id=\"ddd45bf\" data-element_type=\"widget\" data-e-type=\"widget\" data-widget_type=\"text-editor.default\">\n\t\t\t\t\t\t\t\t\t<div><strong>Eri\u015fim ve k\u0131yafet<\/strong><\/div><div>Tesisimizde \u015f\u0131k k\u0131yafetler giyilmesi gerekmektedir.<\/div>\t\t\t\t\t\t\t\t<\/div>\n\t\t\t\t<div class=\"elementor-element elementor-element-8238b8b elementor-widget__width-initial elementor-widget elementor-widget-text-editor\" data-id=\"8238b8b\" data-element_type=\"widget\" data-e-type=\"widget\" data-widget_type=\"text-editor.default\">\n\t\t\t\t\t\t\t\t\t<div><em>Y\u00f6netim, m\u00fc\u015fterilerimizin konforunu ve deneyimini korumak i\u00e7in giri\u015f hakk\u0131n\u0131 sakl\u0131 tutar.<\/em><\/div>\t\t\t\t\t\t\t\t<\/div>\n\t\t\t\t<\/div>\n\t\t\t\t<\/div>\n\t\t\t\t<div class=\"elementor-element elementor-element-f612dbf elementor-widget__width-initial elementor-widget-mobile__width-inherit elementor-widget elementor-widget-html\" data-id=\"f612dbf\" data-element_type=\"widget\" data-e-type=\"widget\" data-widget_type=\"html.default\">\n\t\t\t\t\t<iframe src=\"https:\/\/booking.ureserve.co\/shop\/external-booking\/kaya-1?iframe=true&lang_code=fr\"><\/iframe>\t\t\t\t<\/div>\n\t\t\t\t<\/div>\n\t\t\t\t\t<\/div>\n\t\t\t\t<\/div>\n\t\t\t\t<\/div>","protected":false},"excerpt":{"rendered":"<p>R\u00c9SERVER UNE TABLE Si l\u2019horaire souhait\u00e9 n\u2019est pas disponible, n\u2019h\u00e9sitez pas \u00e0 nous appeler : nous ferons de notre mieux pour vous accueillir \u00e0 l\u2019heure qui vous convient. Horaires de la cuisineNotre cuisine vous accueille :\u2022Du lundi au jeudi jusqu\u2019\u00e0 22h30\u2022Du vendredi au samedi jusqu\u2019\u00e0 23h00Acc\u00e8s &amp; tenueUne tenue \u00e9l\u00e9gante est exig\u00e9e au sein de [&hellip;]<\/p>\n","protected":false},"author":1,"featured_media":0,"parent":0,"menu_order":0,"comment_status":"closed","ping_status":"closed","template":"","meta":{"footnotes":""},"class_list":["post-30","page","type-page","status-publish","hentry"],"yoast_head":"<!-- This site is optimized with the Yoast SEO plugin v27.6 - https:\/\/yoast.com\/product\/yoast-seo-wordpress\/ -->\n<title>Kaya | Contact &amp; R\u00e9servation<\/title>\n<meta name=\"description\" content=\"Restaurant, Lounge, Chicha. Contactez-nous au 06 51 43 30 66 ou remplissez le formulaire de r\u00e9servation.\" \/>\n<meta name=\"robots\" content=\"index, follow, max-snippet:-1, max-image-preview:large, max-video-preview:-1\" \/>\n<link rel=\"canonical\" href=\"https:\/\/kaya-france.fr\/tr\/reserver-une-table\/\" \/>\n<meta property=\"og:locale\" content=\"tr_TR\" \/>\n<meta property=\"og:type\" content=\"article\" \/>\n<meta property=\"og:title\" content=\"Kaya | Contact &amp; R\u00e9servation\" \/>\n<meta property=\"og:description\" content=\"Restaurant, Lounge, Chicha. Contactez-nous au 06 51 43 30 66 ou remplissez le formulaire de r\u00e9servation.\" \/>\n<meta property=\"og:url\" content=\"https:\/\/kaya-france.fr\/tr\/reserver-une-table\/\" \/>\n<meta property=\"og:site_name\" content=\"Kaya\" \/>\n<meta property=\"article:modified_time\" content=\"2026-05-13T09:55:31+00:00\" \/>\n<meta name=\"twitter:card\" content=\"summary_large_image\" \/>\n<meta name=\"twitter:label1\" content=\"Tahmini okuma s\u00fcresi\" \/>\n\t<meta name=\"twitter:data1\" content=\"1 dakika\" \/>\n<script type=\"application\/ld+json\" class=\"yoast-schema-graph\">{\"@context\":\"https:\\\/\\\/schema.org\",\"@graph\":[{\"@type\":\"WebPage\",\"@id\":\"https:\\\/\\\/kaya-france.fr\\\/reserver-une-table\\\/\",\"url\":\"https:\\\/\\\/kaya-france.fr\\\/reserver-une-table\\\/\",\"name\":\"Kaya | Contact & R\u00e9servation\",\"isPartOf\":{\"@id\":\"https:\\\/\\\/kaya-france.fr\\\/#website\"},\"datePublished\":\"2025-05-22T06:13:27+00:00\",\"dateModified\":\"2026-05-13T09:55:31+00:00\",\"description\":\"Restaurant, Lounge, Chicha. Contactez-nous au 06 51 43 30 66 ou remplissez le formulaire de r\u00e9servation.\",\"breadcrumb\":{\"@id\":\"https:\\\/\\\/kaya-france.fr\\\/reserver-une-table\\\/#breadcrumb\"},\"inLanguage\":\"tr\",\"potentialAction\":[{\"@type\":\"ReadAction\",\"target\":[\"https:\\\/\\\/kaya-france.fr\\\/reserver-une-table\\\/\"]}]},{\"@type\":\"BreadcrumbList\",\"@id\":\"https:\\\/\\\/kaya-france.fr\\\/reserver-une-table\\\/#breadcrumb\",\"itemListElement\":[{\"@type\":\"ListItem\",\"position\":1,\"name\":\"Accueil\",\"item\":\"https:\\\/\\\/kaya-france.fr\\\/\"},{\"@type\":\"ListItem\",\"position\":2,\"name\":\"R\u00e9server une table\"}]},{\"@type\":\"WebSite\",\"@id\":\"https:\\\/\\\/kaya-france.fr\\\/#website\",\"url\":\"https:\\\/\\\/kaya-france.fr\\\/\",\"name\":\"Kaya\",\"description\":\"\",\"publisher\":{\"@id\":\"https:\\\/\\\/kaya-france.fr\\\/#organization\"},\"potentialAction\":[{\"@type\":\"SearchAction\",\"target\":{\"@type\":\"EntryPoint\",\"urlTemplate\":\"https:\\\/\\\/kaya-france.fr\\\/?s={search_term_string}\"},\"query-input\":{\"@type\":\"PropertyValueSpecification\",\"valueRequired\":true,\"valueName\":\"search_term_string\"}}],\"inLanguage\":\"tr\"},{\"@type\":\"Organization\",\"@id\":\"https:\\\/\\\/kaya-france.fr\\\/#organization\",\"name\":\"Kaya\",\"url\":\"https:\\\/\\\/kaya-france.fr\\\/\",\"logo\":{\"@type\":\"ImageObject\",\"inLanguage\":\"tr\",\"@id\":\"https:\\\/\\\/kaya-france.fr\\\/#\\\/schema\\\/logo\\\/image\\\/\",\"url\":\"https:\\\/\\\/kaya-france.fr\\\/wp-content\\\/uploads\\\/2025\\\/05\\\/Groupe-9.svg\",\"contentUrl\":\"https:\\\/\\\/kaya-france.fr\\\/wp-content\\\/uploads\\\/2025\\\/05\\\/Groupe-9.svg\",\"width\":93,\"height\":63,\"caption\":\"Kaya\"},\"image\":{\"@id\":\"https:\\\/\\\/kaya-france.fr\\\/#\\\/schema\\\/logo\\\/image\\\/\"}}]}<\/script>\n<!-- \/ Yoast SEO plugin. -->","yoast_head_json":{"title":"Kaya | \u0130leti\u015fim &amp; Rezervasyon","description":"Restoran, Lounge, Chicha. Bize 06 51 43 30 66 numaral\u0131 telefondan ula\u015f\u0131n veya rezervasyon formunu doldurun.","robots":{"index":"index","follow":"follow","max-snippet":"max-snippet:-1","max-image-preview":"max-image-preview:large","max-video-preview":"max-video-preview:-1"},"canonical":"https:\/\/kaya-france.fr\/tr\/reserver-une-table\/","og_locale":"tr_TR","og_type":"article","og_title":"Kaya | Contact & R\u00e9servation","og_description":"Restaurant, Lounge, Chicha. Contactez-nous au 06 51 43 30 66 ou remplissez le formulaire de r\u00e9servation.","og_url":"https:\/\/kaya-france.fr\/tr\/reserver-une-table\/","og_site_name":"Kaya","article_modified_time":"2026-05-13T09:55:31+00:00","twitter_card":"summary_large_image","twitter_misc":{"Tahmini okuma s\u00fcresi":"1 dakika"},"schema":{"@context":"https:\/\/schema.org","@graph":[{"@type":"WebPage","@id":"https:\/\/kaya-france.fr\/reserver-une-table\/","url":"https:\/\/kaya-france.fr\/reserver-une-table\/","name":"Kaya | \u0130leti\u015fim &amp; Rezervasyon","isPartOf":{"@id":"https:\/\/kaya-france.fr\/#website"},"datePublished":"2025-05-22T06:13:27+00:00","dateModified":"2026-05-13T09:55:31+00:00","description":"Restoran, Lounge, Chicha. Bize 06 51 43 30 66 numaral\u0131 telefondan ula\u015f\u0131n veya rezervasyon formunu doldurun.","breadcrumb":{"@id":"https:\/\/kaya-france.fr\/reserver-une-table\/#breadcrumb"},"inLanguage":"tr","potentialAction":[{"@type":"ReadAction","target":["https:\/\/kaya-france.fr\/reserver-une-table\/"]}]},{"@type":"BreadcrumbList","@id":"https:\/\/kaya-france.fr\/reserver-une-table\/#breadcrumb","itemListElement":[{"@type":"ListItem","position":1,"name":"Accueil","item":"https:\/\/kaya-france.fr\/"},{"@type":"ListItem","position":2,"name":"R\u00e9server une table"}]},{"@type":"WebSite","@id":"https:\/\/kaya-france.fr\/#website","url":"https:\/\/kaya-france.fr\/","name":"Kaya","description":"","publisher":{"@id":"https:\/\/kaya-france.fr\/#organization"},"potentialAction":[{"@type":"SearchAction","target":{"@type":"EntryPoint","urlTemplate":"https:\/\/kaya-france.fr\/?s={search_term_string}"},"query-input":{"@type":"PropertyValueSpecification","valueRequired":true,"valueName":"search_term_string"}}],"inLanguage":"tr"},{"@type":"Organization","@id":"https:\/\/kaya-france.fr\/#organization","name":"Kaya","url":"https:\/\/kaya-france.fr\/","logo":{"@type":"ImageObject","inLanguage":"tr","@id":"https:\/\/kaya-france.fr\/#\/schema\/logo\/image\/","url":"https:\/\/kaya-france.fr\/wp-content\/uploads\/2025\/05\/Groupe-9.svg","contentUrl":"https:\/\/kaya-france.fr\/wp-content\/uploads\/2025\/05\/Groupe-9.svg","width":93,"height":63,"caption":"Kaya"},"image":{"@id":"https:\/\/kaya-france.fr\/#\/schema\/logo\/image\/"}}]}},"_links":{"self":[{"href":"https:\/\/kaya-france.fr\/tr\/wp-json\/wp\/v2\/pages\/30","targetHints":{"allow":["GET"]}}],"collection":[{"href":"https:\/\/kaya-france.fr\/tr\/wp-json\/wp\/v2\/pages"}],"about":[{"href":"https:\/\/kaya-france.fr\/tr\/wp-json\/wp\/v2\/types\/page"}],"author":[{"embeddable":true,"href":"https:\/\/kaya-france.fr\/tr\/wp-json\/wp\/v2\/users\/1"}],"replies":[{"embeddable":true,"href":"https:\/\/kaya-france.fr\/tr\/wp-json\/wp\/v2\/comments?post=30"}],"version-history":[{"count":29,"href":"https:\/\/kaya-france.fr\/tr\/wp-json\/wp\/v2\/pages\/30\/revisions"}],"predecessor-version":[{"id":1581,"href":"https:\/\/kaya-france.fr\/tr\/wp-json\/wp\/v2\/pages\/30\/revisions\/1581"}],"wp:attachment":[{"href":"https:\/\/kaya-france.fr\/tr\/wp-json\/wp\/v2\/media?parent=30"}],"curies":[{"name":"wp","href":"https:\/\/api.w.org\/{rel}","templated":true}]}}