{"id":859,"date":"2025-06-12T11:45:32","date_gmt":"2025-06-12T09:45:32","guid":{"rendered":"http:\/\/s1007769279.onlinehome.fr\/publication\/kaya\/?page_id=859"},"modified":"2025-08-29T09:11:07","modified_gmt":"2025-08-29T07:11:07","slug":"rgpd","status":"publish","type":"page","link":"https:\/\/kaya-france.fr\/en\/rgpd\/","title":{"rendered":"RGPD"},"content":{"rendered":"<div data-elementor-type=\"wp-page\" data-elementor-id=\"859\" class=\"elementor elementor-859\" data-elementor-post-type=\"page\">\n\t\t\t\t<div class=\"elementor-element elementor-element-0185d4e e-flex e-con-boxed e-con e-parent\" data-id=\"0185d4e\" data-element_type=\"container\" data-e-type=\"container\">\n\t\t\t\t\t<div class=\"e-con-inner\">\n\t\t\t\t<div class=\"elementor-element elementor-element-298f407 elementor-widget elementor-widget-text-editor\" data-id=\"298f407\" data-element_type=\"widget\" data-e-type=\"widget\" data-no-translation=\"\" data-widget_type=\"text-editor.default\">\n\t\t\t\t\t<style>.elementor-element-298f407{display:none !important}<\/style>\t\t\t\t<\/div>\n\t\t\t\t\t<\/div>\n\t\t\t\t<\/div>\n\t\t\t\t<\/div>","protected":false},"excerpt":{"rendered":"<p>POLITIQUE DE\u00a0CONFIDENTIALIT\u00c9 ARTICLE 1 : PR\u00c9AMBULE\u00a0 La pr\u00e9sente politique de confidentialit\u00e9 a pour but d\u2019informer les utilisateurs du site https:\/\/kaya-france.fr\/, ci-apr\u00e8s d\u00e9nomm\u00e9 CE SITE :\u00a0 \u00a0\u00a0\u00a0\u00a0\u00a0\u00a0Sur la mani\u00e8re dont sont collect\u00e9es leurs donn\u00e9es personnelles. Sont consid\u00e9r\u00e9es comme des donn\u00e9es personnelles, toute information permettant d\u2019identifier un utilisateur.\u00a0\u00a0\u00a0\u00a0\u00a0\u00a0Sur les droits dont ils disposent concernant ces donn\u00e9es ;\u00a0\u00a0\u00a0\u00a0\u00a0\u00a0\u00a0Sur [&hellip;]<\/p>\n","protected":false},"author":1,"featured_media":0,"parent":0,"menu_order":0,"comment_status":"closed","ping_status":"closed","template":"","meta":{"footnotes":""},"class_list":["post-859","page","type-page","status-publish","hentry"],"yoast_head":"<!-- This site is optimized with the Yoast SEO plugin v27.6 - https:\/\/yoast.com\/product\/yoast-seo-wordpress\/ -->\n<title>RGPD - Kaya<\/title>\n<meta name=\"robots\" content=\"index, follow, max-snippet:-1, max-image-preview:large, max-video-preview:-1\" \/>\n<link rel=\"canonical\" href=\"https:\/\/kaya-france.fr\/en\/rgpd\/\" \/>\n<meta property=\"og:locale\" content=\"en_US\" \/>\n<meta property=\"og:type\" content=\"article\" \/>\n<meta property=\"og:title\" content=\"RGPD - Kaya\" \/>\n<meta property=\"og:description\" content=\"POLITIQUE DE\u00a0CONFIDENTIALIT\u00c9 ARTICLE 1 : PR\u00c9AMBULE\u00a0 La pr\u00e9sente politique de confidentialit\u00e9 a pour but d\u2019informer les utilisateurs du site https:\/\/kaya-france.fr\/, ci-apr\u00e8s d\u00e9nomm\u00e9 CE SITE :\u00a0 \u00a0\u00a0\u00a0\u00a0\u00a0\u00a0Sur la mani\u00e8re dont sont collect\u00e9es leurs donn\u00e9es personnelles. Sont consid\u00e9r\u00e9es comme des donn\u00e9es personnelles, toute information permettant d\u2019identifier un utilisateur.\u00a0\u00a0\u00a0\u00a0\u00a0\u00a0Sur les droits dont ils disposent concernant ces donn\u00e9es ;\u00a0\u00a0\u00a0\u00a0\u00a0\u00a0\u00a0Sur [&hellip;]\" \/>\n<meta property=\"og:url\" content=\"https:\/\/kaya-france.fr\/en\/rgpd\/\" \/>\n<meta property=\"og:site_name\" content=\"Kaya\" \/>\n<meta property=\"article:modified_time\" content=\"2025-08-29T07:11:07+00:00\" \/>\n<meta name=\"twitter:card\" content=\"summary_large_image\" \/>\n<meta name=\"twitter:label1\" content=\"Est. reading time\" \/>\n\t<meta name=\"twitter:data1\" content=\"7 minutes\" \/>\n<script type=\"application\/ld+json\" class=\"yoast-schema-graph\">{\"@context\":\"https:\\\/\\\/schema.org\",\"@graph\":[{\"@type\":\"WebPage\",\"@id\":\"https:\\\/\\\/kaya-france.fr\\\/rgpd\\\/\",\"url\":\"https:\\\/\\\/kaya-france.fr\\\/rgpd\\\/\",\"name\":\"RGPD - Kaya\",\"isPartOf\":{\"@id\":\"https:\\\/\\\/kaya-france.fr\\\/#website\"},\"datePublished\":\"2025-06-12T09:45:32+00:00\",\"dateModified\":\"2025-08-29T07:11:07+00:00\",\"breadcrumb\":{\"@id\":\"https:\\\/\\\/kaya-france.fr\\\/rgpd\\\/#breadcrumb\"},\"inLanguage\":\"en-US\",\"potentialAction\":[{\"@type\":\"ReadAction\",\"target\":[\"https:\\\/\\\/kaya-france.fr\\\/rgpd\\\/\"]}]},{\"@type\":\"BreadcrumbList\",\"@id\":\"https:\\\/\\\/kaya-france.fr\\\/rgpd\\\/#breadcrumb\",\"itemListElement\":[{\"@type\":\"ListItem\",\"position\":1,\"name\":\"Accueil\",\"item\":\"https:\\\/\\\/kaya-france.fr\\\/\"},{\"@type\":\"ListItem\",\"position\":2,\"name\":\"RGPD\"}]},{\"@type\":\"WebSite\",\"@id\":\"https:\\\/\\\/kaya-france.fr\\\/#website\",\"url\":\"https:\\\/\\\/kaya-france.fr\\\/\",\"name\":\"Kaya\",\"description\":\"\",\"publisher\":{\"@id\":\"https:\\\/\\\/kaya-france.fr\\\/#organization\"},\"potentialAction\":[{\"@type\":\"SearchAction\",\"target\":{\"@type\":\"EntryPoint\",\"urlTemplate\":\"https:\\\/\\\/kaya-france.fr\\\/?s={search_term_string}\"},\"query-input\":{\"@type\":\"PropertyValueSpecification\",\"valueRequired\":true,\"valueName\":\"search_term_string\"}}],\"inLanguage\":\"en-US\"},{\"@type\":\"Organization\",\"@id\":\"https:\\\/\\\/kaya-france.fr\\\/#organization\",\"name\":\"Kaya\",\"url\":\"https:\\\/\\\/kaya-france.fr\\\/\",\"logo\":{\"@type\":\"ImageObject\",\"inLanguage\":\"en-US\",\"@id\":\"https:\\\/\\\/kaya-france.fr\\\/#\\\/schema\\\/logo\\\/image\\\/\",\"url\":\"https:\\\/\\\/kaya-france.fr\\\/wp-content\\\/uploads\\\/2025\\\/05\\\/Groupe-9.svg\",\"contentUrl\":\"https:\\\/\\\/kaya-france.fr\\\/wp-content\\\/uploads\\\/2025\\\/05\\\/Groupe-9.svg\",\"width\":93,\"height\":63,\"caption\":\"Kaya\"},\"image\":{\"@id\":\"https:\\\/\\\/kaya-france.fr\\\/#\\\/schema\\\/logo\\\/image\\\/\"}}]}<\/script>\n<!-- \/ Yoast SEO plugin. -->","yoast_head_json":{"title":"RGPD - Kaya","robots":{"index":"index","follow":"follow","max-snippet":"max-snippet:-1","max-image-preview":"max-image-preview:large","max-video-preview":"max-video-preview:-1"},"canonical":"https:\/\/kaya-france.fr\/en\/rgpd\/","og_locale":"en_US","og_type":"article","og_title":"RGPD - Kaya","og_description":"POLITIQUE DE\u00a0CONFIDENTIALIT\u00c9 ARTICLE 1 : PR\u00c9AMBULE\u00a0 La pr\u00e9sente politique de confidentialit\u00e9 a pour but d\u2019informer les utilisateurs du site https:\/\/kaya-france.fr\/, ci-apr\u00e8s d\u00e9nomm\u00e9 CE SITE :\u00a0 \u00a0\u00a0\u00a0\u00a0\u00a0\u00a0Sur la mani\u00e8re dont sont collect\u00e9es leurs donn\u00e9es personnelles. Sont consid\u00e9r\u00e9es comme des donn\u00e9es personnelles, toute information permettant d\u2019identifier un utilisateur.\u00a0\u00a0\u00a0\u00a0\u00a0\u00a0Sur les droits dont ils disposent concernant ces donn\u00e9es ;\u00a0\u00a0\u00a0\u00a0\u00a0\u00a0\u00a0Sur [&hellip;]","og_url":"https:\/\/kaya-france.fr\/en\/rgpd\/","og_site_name":"Kaya","article_modified_time":"2025-08-29T07:11:07+00:00","twitter_card":"summary_large_image","twitter_misc":{"Est. reading time":"7 minutes"},"schema":{"@context":"https:\/\/schema.org","@graph":[{"@type":"WebPage","@id":"https:\/\/kaya-france.fr\/rgpd\/","url":"https:\/\/kaya-france.fr\/rgpd\/","name":"RGPD - Kaya","isPartOf":{"@id":"https:\/\/kaya-france.fr\/#website"},"datePublished":"2025-06-12T09:45:32+00:00","dateModified":"2025-08-29T07:11:07+00:00","breadcrumb":{"@id":"https:\/\/kaya-france.fr\/rgpd\/#breadcrumb"},"inLanguage":"en-US","potentialAction":[{"@type":"ReadAction","target":["https:\/\/kaya-france.fr\/rgpd\/"]}]},{"@type":"BreadcrumbList","@id":"https:\/\/kaya-france.fr\/rgpd\/#breadcrumb","itemListElement":[{"@type":"ListItem","position":1,"name":"Accueil","item":"https:\/\/kaya-france.fr\/"},{"@type":"ListItem","position":2,"name":"RGPD"}]},{"@type":"WebSite","@id":"https:\/\/kaya-france.fr\/#website","url":"https:\/\/kaya-france.fr\/","name":"Kaya","description":"","publisher":{"@id":"https:\/\/kaya-france.fr\/#organization"},"potentialAction":[{"@type":"SearchAction","target":{"@type":"EntryPoint","urlTemplate":"https:\/\/kaya-france.fr\/?s={search_term_string}"},"query-input":{"@type":"PropertyValueSpecification","valueRequired":true,"valueName":"search_term_string"}}],"inLanguage":"en-US"},{"@type":"Organization","@id":"https:\/\/kaya-france.fr\/#organization","name":"Kaya","url":"https:\/\/kaya-france.fr\/","logo":{"@type":"ImageObject","inLanguage":"en-US","@id":"https:\/\/kaya-france.fr\/#\/schema\/logo\/image\/","url":"https:\/\/kaya-france.fr\/wp-content\/uploads\/2025\/05\/Groupe-9.svg","contentUrl":"https:\/\/kaya-france.fr\/wp-content\/uploads\/2025\/05\/Groupe-9.svg","width":93,"height":63,"caption":"Kaya"},"image":{"@id":"https:\/\/kaya-france.fr\/#\/schema\/logo\/image\/"}}]}},"_links":{"self":[{"href":"https:\/\/kaya-france.fr\/en\/wp-json\/wp\/v2\/pages\/859","targetHints":{"allow":["GET"]}}],"collection":[{"href":"https:\/\/kaya-france.fr\/en\/wp-json\/wp\/v2\/pages"}],"about":[{"href":"https:\/\/kaya-france.fr\/en\/wp-json\/wp\/v2\/types\/page"}],"author":[{"embeddable":true,"href":"https:\/\/kaya-france.fr\/en\/wp-json\/wp\/v2\/users\/1"}],"replies":[{"embeddable":true,"href":"https:\/\/kaya-france.fr\/en\/wp-json\/wp\/v2\/comments?post=859"}],"version-history":[{"count":10,"href":"https:\/\/kaya-france.fr\/en\/wp-json\/wp\/v2\/pages\/859\/revisions"}],"predecessor-version":[{"id":974,"href":"https:\/\/kaya-france.fr\/en\/wp-json\/wp\/v2\/pages\/859\/revisions\/974"}],"wp:attachment":[{"href":"https:\/\/kaya-france.fr\/en\/wp-json\/wp\/v2\/media?parent=859"}],"curies":[{"name":"wp","href":"https:\/\/api.w.org\/{rel}","templated":true}]}}