{"id":3,"date":"2025-05-20T13:57:47","date_gmt":"2025-05-20T11:57:47","guid":{"rendered":"http:\/\/s1007769279.onlinehome.fr\/publication\/kaya\/?page_id=3"},"modified":"2025-08-29T09:06:54","modified_gmt":"2025-08-29T07:06:54","slug":"mentions-legales","status":"publish","type":"page","link":"https:\/\/kaya-france.fr\/en\/mentions-legales\/","title":{"rendered":"Terms of use"},"content":{"rendered":"<div data-elementor-type=\"wp-page\" data-elementor-id=\"3\" class=\"elementor elementor-3\" data-elementor-post-type=\"page\">\n\t\t\t\t<div class=\"elementor-element elementor-element-194dbce7 e-flex e-con-boxed e-con e-parent\" data-id=\"194dbce7\" data-element_type=\"container\" data-e-type=\"container\">\n\t\t\t\t\t<div class=\"e-con-inner\">\n\t\t\t\t<div class=\"elementor-element elementor-element-187113dd elementor-widget elementor-widget-text-editor\" data-id=\"187113dd\" data-element_type=\"widget\" data-e-type=\"widget\" data-no-translation=\"\" data-widget_type=\"text-editor.default\">\n\t\t\t\t\t<style>.elementor-element-187113dd{display:none !important}<\/style>\t\t\t\t<\/div>\n\t\t\t\t\t<\/div>\n\t\t\t\t<\/div>\n\t\t\t\t<\/div>","protected":false},"excerpt":{"rendered":"<p>MENTIONS L\u00c9GALES \u00a0 1 \u2013 INFORMATIONS G\u00c9N\u00c9RALES En se connectant au pr\u00e9sent site, l\u2019utilisateur accepte express\u00e9ment ses modalit\u00e9s d\u2019utilisation d\u00e9crites ci-apr\u00e8s.En vertu de l\u2019article 6 de la loi n\u00b0 2004-575 du 21 juin 2004 pour la confiance dans l\u2019\u00e9conomie num\u00e9rique, il est pr\u00e9cis\u00e9 aux utilisateurs du pr\u00e9sent site l\u2019identit\u00e9 des diff\u00e9rents intervenants dans le cadre [&hellip;]<\/p>\n","protected":false},"author":1,"featured_media":0,"parent":0,"menu_order":0,"comment_status":"closed","ping_status":"closed","template":"","meta":{"footnotes":""},"class_list":["post-3","page","type-page","status-publish","hentry"],"yoast_head":"<!-- This site is optimized with the Yoast SEO plugin v27.6 - https:\/\/yoast.com\/product\/yoast-seo-wordpress\/ -->\n<title>Mentions l\u00e9gales - Kaya<\/title>\n<meta name=\"robots\" content=\"index, follow, max-snippet:-1, max-image-preview:large, max-video-preview:-1\" \/>\n<link rel=\"canonical\" href=\"https:\/\/kaya-france.fr\/en\/mentions-legales\/\" \/>\n<meta property=\"og:locale\" content=\"en_US\" \/>\n<meta property=\"og:type\" content=\"article\" \/>\n<meta property=\"og:title\" content=\"Mentions l\u00e9gales - Kaya\" \/>\n<meta property=\"og:description\" content=\"MENTIONS L\u00c9GALES \u00a0 1 \u2013 INFORMATIONS G\u00c9N\u00c9RALES En se connectant au pr\u00e9sent site, l\u2019utilisateur accepte express\u00e9ment ses modalit\u00e9s d\u2019utilisation d\u00e9crites ci-apr\u00e8s.En vertu de l\u2019article 6 de la loi n\u00b0 2004-575 du 21 juin 2004 pour la confiance dans l\u2019\u00e9conomie num\u00e9rique, il est pr\u00e9cis\u00e9 aux utilisateurs du pr\u00e9sent site l\u2019identit\u00e9 des diff\u00e9rents intervenants dans le cadre [&hellip;]\" \/>\n<meta property=\"og:url\" content=\"https:\/\/kaya-france.fr\/en\/mentions-legales\/\" \/>\n<meta property=\"og:site_name\" content=\"Kaya\" \/>\n<meta property=\"article:modified_time\" content=\"2025-08-29T07:06:54+00:00\" \/>\n<meta name=\"twitter:card\" content=\"summary_large_image\" \/>\n<meta name=\"twitter:label1\" content=\"Est. reading time\" \/>\n\t<meta name=\"twitter:data1\" content=\"4 minutes\" \/>\n<script type=\"application\/ld+json\" class=\"yoast-schema-graph\">{\"@context\":\"https:\\\/\\\/schema.org\",\"@graph\":[{\"@type\":\"WebPage\",\"@id\":\"https:\\\/\\\/kaya-france.fr\\\/mentions-legales\\\/\",\"url\":\"https:\\\/\\\/kaya-france.fr\\\/mentions-legales\\\/\",\"name\":\"Mentions l\u00e9gales - Kaya\",\"isPartOf\":{\"@id\":\"https:\\\/\\\/kaya-france.fr\\\/#website\"},\"datePublished\":\"2025-05-20T11:57:47+00:00\",\"dateModified\":\"2025-08-29T07:06:54+00:00\",\"breadcrumb\":{\"@id\":\"https:\\\/\\\/kaya-france.fr\\\/mentions-legales\\\/#breadcrumb\"},\"inLanguage\":\"en-US\",\"potentialAction\":[{\"@type\":\"ReadAction\",\"target\":[\"https:\\\/\\\/kaya-france.fr\\\/mentions-legales\\\/\"]}]},{\"@type\":\"BreadcrumbList\",\"@id\":\"https:\\\/\\\/kaya-france.fr\\\/mentions-legales\\\/#breadcrumb\",\"itemListElement\":[{\"@type\":\"ListItem\",\"position\":1,\"name\":\"Accueil\",\"item\":\"https:\\\/\\\/kaya-france.fr\\\/\"},{\"@type\":\"ListItem\",\"position\":2,\"name\":\"Mentions l\u00e9gales\"}]},{\"@type\":\"WebSite\",\"@id\":\"https:\\\/\\\/kaya-france.fr\\\/#website\",\"url\":\"https:\\\/\\\/kaya-france.fr\\\/\",\"name\":\"Kaya\",\"description\":\"\",\"publisher\":{\"@id\":\"https:\\\/\\\/kaya-france.fr\\\/#organization\"},\"potentialAction\":[{\"@type\":\"SearchAction\",\"target\":{\"@type\":\"EntryPoint\",\"urlTemplate\":\"https:\\\/\\\/kaya-france.fr\\\/?s={search_term_string}\"},\"query-input\":{\"@type\":\"PropertyValueSpecification\",\"valueRequired\":true,\"valueName\":\"search_term_string\"}}],\"inLanguage\":\"en-US\"},{\"@type\":\"Organization\",\"@id\":\"https:\\\/\\\/kaya-france.fr\\\/#organization\",\"name\":\"Kaya\",\"url\":\"https:\\\/\\\/kaya-france.fr\\\/\",\"logo\":{\"@type\":\"ImageObject\",\"inLanguage\":\"en-US\",\"@id\":\"https:\\\/\\\/kaya-france.fr\\\/#\\\/schema\\\/logo\\\/image\\\/\",\"url\":\"https:\\\/\\\/kaya-france.fr\\\/wp-content\\\/uploads\\\/2025\\\/05\\\/Groupe-9.svg\",\"contentUrl\":\"https:\\\/\\\/kaya-france.fr\\\/wp-content\\\/uploads\\\/2025\\\/05\\\/Groupe-9.svg\",\"width\":93,\"height\":63,\"caption\":\"Kaya\"},\"image\":{\"@id\":\"https:\\\/\\\/kaya-france.fr\\\/#\\\/schema\\\/logo\\\/image\\\/\"}}]}<\/script>\n<!-- \/ Yoast SEO plugin. -->","yoast_head_json":{"title":"Mentions l\u00e9gales - Kaya","robots":{"index":"index","follow":"follow","max-snippet":"max-snippet:-1","max-image-preview":"max-image-preview:large","max-video-preview":"max-video-preview:-1"},"canonical":"https:\/\/kaya-france.fr\/en\/mentions-legales\/","og_locale":"en_US","og_type":"article","og_title":"Mentions l\u00e9gales - Kaya","og_description":"MENTIONS L\u00c9GALES \u00a0 1 \u2013 INFORMATIONS G\u00c9N\u00c9RALES En se connectant au pr\u00e9sent site, l\u2019utilisateur accepte express\u00e9ment ses modalit\u00e9s d\u2019utilisation d\u00e9crites ci-apr\u00e8s.En vertu de l\u2019article 6 de la loi n\u00b0 2004-575 du 21 juin 2004 pour la confiance dans l\u2019\u00e9conomie num\u00e9rique, il est pr\u00e9cis\u00e9 aux utilisateurs du pr\u00e9sent site l\u2019identit\u00e9 des diff\u00e9rents intervenants dans le cadre [&hellip;]","og_url":"https:\/\/kaya-france.fr\/en\/mentions-legales\/","og_site_name":"Kaya","article_modified_time":"2025-08-29T07:06:54+00:00","twitter_card":"summary_large_image","twitter_misc":{"Est. reading time":"4 minutes"},"schema":{"@context":"https:\/\/schema.org","@graph":[{"@type":"WebPage","@id":"https:\/\/kaya-france.fr\/mentions-legales\/","url":"https:\/\/kaya-france.fr\/mentions-legales\/","name":"Mentions l\u00e9gales - Kaya","isPartOf":{"@id":"https:\/\/kaya-france.fr\/#website"},"datePublished":"2025-05-20T11:57:47+00:00","dateModified":"2025-08-29T07:06:54+00:00","breadcrumb":{"@id":"https:\/\/kaya-france.fr\/mentions-legales\/#breadcrumb"},"inLanguage":"en-US","potentialAction":[{"@type":"ReadAction","target":["https:\/\/kaya-france.fr\/mentions-legales\/"]}]},{"@type":"BreadcrumbList","@id":"https:\/\/kaya-france.fr\/mentions-legales\/#breadcrumb","itemListElement":[{"@type":"ListItem","position":1,"name":"Accueil","item":"https:\/\/kaya-france.fr\/"},{"@type":"ListItem","position":2,"name":"Mentions l\u00e9gales"}]},{"@type":"WebSite","@id":"https:\/\/kaya-france.fr\/#website","url":"https:\/\/kaya-france.fr\/","name":"Kaya","description":"","publisher":{"@id":"https:\/\/kaya-france.fr\/#organization"},"potentialAction":[{"@type":"SearchAction","target":{"@type":"EntryPoint","urlTemplate":"https:\/\/kaya-france.fr\/?s={search_term_string}"},"query-input":{"@type":"PropertyValueSpecification","valueRequired":true,"valueName":"search_term_string"}}],"inLanguage":"en-US"},{"@type":"Organization","@id":"https:\/\/kaya-france.fr\/#organization","name":"Kaya","url":"https:\/\/kaya-france.fr\/","logo":{"@type":"ImageObject","inLanguage":"en-US","@id":"https:\/\/kaya-france.fr\/#\/schema\/logo\/image\/","url":"https:\/\/kaya-france.fr\/wp-content\/uploads\/2025\/05\/Groupe-9.svg","contentUrl":"https:\/\/kaya-france.fr\/wp-content\/uploads\/2025\/05\/Groupe-9.svg","width":93,"height":63,"caption":"Kaya"},"image":{"@id":"https:\/\/kaya-france.fr\/#\/schema\/logo\/image\/"}}]}},"_links":{"self":[{"href":"https:\/\/kaya-france.fr\/en\/wp-json\/wp\/v2\/pages\/3","targetHints":{"allow":["GET"]}}],"collection":[{"href":"https:\/\/kaya-france.fr\/en\/wp-json\/wp\/v2\/pages"}],"about":[{"href":"https:\/\/kaya-france.fr\/en\/wp-json\/wp\/v2\/types\/page"}],"author":[{"embeddable":true,"href":"https:\/\/kaya-france.fr\/en\/wp-json\/wp\/v2\/users\/1"}],"replies":[{"embeddable":true,"href":"https:\/\/kaya-france.fr\/en\/wp-json\/wp\/v2\/comments?post=3"}],"version-history":[{"count":13,"href":"https:\/\/kaya-france.fr\/en\/wp-json\/wp\/v2\/pages\/3\/revisions"}],"predecessor-version":[{"id":971,"href":"https:\/\/kaya-france.fr\/en\/wp-json\/wp\/v2\/pages\/3\/revisions\/971"}],"wp:attachment":[{"href":"https:\/\/kaya-france.fr\/en\/wp-json\/wp\/v2\/media?parent=3"}],"curies":[{"name":"wp","href":"https:\/\/api.w.org\/{rel}","templated":true}]}}